{"id":930,"date":"2026-01-30T23:02:47","date_gmt":"2026-01-30T16:02:47","guid":{"rendered":"https:\/\/medifarmmaichau.com\/?page_id=930"},"modified":"2026-01-30T23:39:06","modified_gmt":"2026-01-30T16:39:06","slug":"du-lich-phu-tho","status":"publish","type":"page","link":"https:\/\/medifarmmaichau.com\/?page_id=930","title":{"rendered":"Du l\u1ecbch Ph\u00fa Th\u1ecd"},"content":{"rendered":"\t<section class=\"section\" id=\"section_2067188640\">\n\t\t<div class=\"bg section-bg fill bg-fill  \" >\n\n\t\t\t\n\t\t\t<div class=\"section-bg-overlay absolute fill\"><\/div>\n\t\t\t\n\n\t\t<\/div>\n\n\t\t<div class=\"section-content relative\">\n\t\t\t\n  <div id=\"page-header-1835304749\" class=\"page-header-wrapper\">\n  <div class=\"page-title dark simple-title\">\n\n    \n    <div class=\"page-title-inner container align-center text-center flex-row-col medium-flex-wrap\" >\n              <div class=\"title-wrapper flex-col\">\n          <h1 class=\"entry-title mb-0\">\n            Du l\u1ecbch Ph\u00fa Th\u1ecd          <\/h1>\n        <\/div>\n                    <div class=\"title-content flex-col\">\n        <div class=\"title-breadcrumbs pb-half pt-half\"><nav class=\"woocommerce-breadcrumb breadcrumbs uppercase\">Trang ch\u1ee7<\/nav><\/div>      <\/div>\n    <\/div>\n\n       <\/div>\n    <\/div>\n  \n\t\t<\/div>\n\n\t\t\n<style>\n#section_2067188640 {\n  padding-top: 0px;\n  padding-bottom: 0px;\n  min-height: 450px;\n}\n#section_2067188640 .section-bg-overlay {\n  background-color: rgba(0,0,0,.5);\n}\n#section_2067188640 .section-bg.bg-loaded {\n  background-image: url(https:\/\/medifarmmaichau.com\/wp-content\/uploads\/2025\/11\/maichaubeer.jpg);\n}\n#section_2067188640 .section-bg {\n  background-position: 26% 20%;\n}\n<\/style>\n\t<\/section>\n\t\n\t<section class=\"section margin-bottom-100\" id=\"section_853341739\">\n\t\t<div class=\"bg section-bg fill bg-fill  \" >\n\n\t\t\t\n\t\t\t\n\t\t\t\n\n\t\t<\/div>\n\n\t\t<div class=\"section-content relative\">\n\t\t\t\n<div class=\"row row-large row-full-width\"  id=\"row-1768642880\">\n\n\t<div id=\"col-1419190844\" class=\"col no-padding medium-6 small-12 large-6\"  >\n\t\t<div class=\"col-inner text-center\"  >\n\t\t\t\n\t\t\t\n<p><iframe loading=\"lazy\" src=\"https:\/\/www.facebook.com\/plugins\/video.php?height=476&#038;href=https%3A%2F%2Fwww.facebook.com%2Freel%2F1770563770414518%2F&#038;show_text=false&#038;width=476&#038;t=0\" width=\"476\" height=\"476\" style=\"border:none;overflow:hidden\" scrolling=\"no\" frameborder=\"0\" allowfullscreen=\"true\" allow=\"autoplay; clipboard-write; encrypted-media; picture-in-picture; web-share\" allowFullScreen=\"true\"><\/iframe><\/p>\n\t\t<\/div>\n\t\t\t<\/div>\n\n\t\n\n\t<div id=\"col-1560440829\" class=\"col can-giua-doc medium-6 small-12 large-6 medium-col-first\"  >\n\t\t<div class=\"col-inner text-left\"  >\n\t\t\t\n\t\t\t\n\t<div id=\"text-510484883\" class=\"text text-can-deu\">\n\t\t\n<h1 class=\"alt-font l-text1\"><strong><span class=\"fancy-underline\">\u1ea8m th\u1ef1c Th\u00e1i<\/span><\/strong><\/h1>\n<p data-path-to-node=\"4\">\u1ea8m th\u1ef1c ng\u01b0\u1eddi Th\u00e1i, m\u1ed9t di s\u1ea3n s\u1ed1ng gi\u1eefa n\u00fai r\u1eebng Mai Ch\u00e2u.<\/p>\n\t\t\t<\/div>\n\t\n\t\t<\/div>\n\t\t\n<style>\n#col-1560440829 > .col-inner {\n  padding: 60px 20px 60px 20px;\n}\n@media (min-width:550px) {\n  #col-1560440829 > .col-inner {\n    padding: 60px 60px 60px 60px;\n  }\n}\n<\/style>\n\t<\/div>\n\n\t\n<\/div>\n\t\t<\/div>\n\n\t\t\n<style>\n#section_853341739 {\n  padding-top: 0px;\n  padding-bottom: 0px;\n}\n#section_853341739 .section-bg.bg-loaded {\n  background-image: url(https:\/\/medifarmmaichau.com\/wp-content\/uploads\/2018\/12\/bg-top-dmp.jpg);\n}\n<\/style>\n\t<\/section>\n\t\n\t<section class=\"section margin-bottom-100\" id=\"section_1146477824\">\n\t\t<div class=\"bg section-bg fill bg-fill  \" >\n\n\t\t\t\n\t\t\t\n\t\t\t\n\n\t\t<\/div>\n\n\t\t<div class=\"section-content relative\">\n\t\t\t\n<div class=\"row row-large row-full-width\"  id=\"row-1601779057\">\n\n\t<div id=\"col-1163069832\" class=\"col can-giua-doc medium-6 small-12 large-6 medium-col-first\"  >\n\t\t<div class=\"col-inner text-left\"  >\n\t\t\t\n\t\t\t\n\t<div id=\"text-3801552856\" class=\"text text-can-deu\">\n\t\t\n<h1 class=\"alt-font l-text1\"><strong><span class=\"fancy-underline\">Ngh\u1ec1 l\u00e0m b\u00e0n gh\u1ebf M\u00e2y\u00a0<\/span><\/strong><\/h1>\n<p data-path-to-node=\"4\">Ngh\u1ec1 \u0111an b\u00e0n gh\u1ebf m\u00e2y c\u1ee7a ng\u01b0\u1eddi Th\u00e1i kh\u00f4ng ch\u1ec9 l\u00e0 m\u1ed9t sinh k\u1ebf, m\u00e0 l\u00e0 m\u1ed9t di s\u1ea3n th\u1ee7 c\u00f4ng s\u1ed1ng, n\u01a1i k\u1ef9 n\u0103ng, nh\u1ecbp \u0111i\u1ec7u lao \u0111\u1ed9ng v\u00e0 tri th\u1ee9c r\u1eebng n\u00fai \u0111\u01b0\u1ee3c truy\u1ec1n qua nhi\u1ec1u th\u1ebf h\u1ec7.<\/p>\n<p data-path-to-node=\"4\">T\u1eeb nh\u1eefng s\u1ee3i m\u00e2y ch\u1ecdn l\u1ecdc trong r\u1eebng \u0111\u1ebfn t\u1eebng m\u1ed1i \u0111an ch\u1eb7t ch\u1ebd, m\u1ed7i s\u1ea3n ph\u1ea9m mang trong m\u00ecnh s\u1ef1 b\u1ec1n b\u1ec9, tinh t\u1ebf v\u00e0 tinh th\u1ea7n s\u1ed1ng h\u00e0i h\u00f2a v\u1edbi thi\u00ean nhi\u00ean c\u1ee7a ng\u01b0\u1eddi Th\u00e1i v\u00f9ng Mai Ch\u00e2u.<\/p>\n\t\t\t<\/div>\n\t\n\t\t<\/div>\n\t\t\n<style>\n#col-1163069832 > .col-inner {\n  padding: 60px 20px 60px 20px;\n}\n@media (min-width:550px) {\n  #col-1163069832 > .col-inner {\n    padding: 60px 60px 60px 60px;\n  }\n}\n<\/style>\n\t<\/div>\n\n\t\n\n\t<div id=\"col-767624837\" class=\"col no-padding medium-6 small-12 large-6\"  >\n\t\t<div class=\"col-inner text-center\"  >\n\t\t\t\n\t\t\t\n<p><iframe loading=\"lazy\" src=\"https:\/\/www.facebook.com\/plugins\/video.php?height=476&#038;href=https%3A%2F%2Fwww.facebook.com%2Freel%2F1146492293927565%2F&#038;show_text=false&#038;width=476&#038;t=0\" width=\"476\" height=\"476\" style=\"border:none;overflow:hidden\" scrolling=\"no\" frameborder=\"0\" allowfullscreen=\"true\" allow=\"autoplay; clipboard-write; encrypted-media; picture-in-picture; web-share\" allowFullScreen=\"true\"><\/iframe><\/p>\n\t\t<\/div>\n\t\t\t<\/div>\n\n\t\n<\/div>\n\t\t<\/div>\n\n\t\t\n<style>\n#section_1146477824 {\n  padding-top: 0px;\n  padding-bottom: 0px;\n}\n#section_1146477824 .section-bg.bg-loaded {\n  background-image: url(https:\/\/medifarmmaichau.com\/wp-content\/uploads\/2018\/12\/bg-top-dmp.jpg);\n}\n<\/style>\n\t<\/section>\n\t\n\t<section class=\"section margin-bottom-100\" id=\"section_2065024410\">\n\t\t<div class=\"bg section-bg fill bg-fill  \" >\n\n\t\t\t\n\t\t\t\n\t\t\t\n\n\t\t<\/div>\n\n\t\t<div class=\"section-content relative\">\n\t\t\t\n<div class=\"row row-large row-full-width\"  id=\"row-705065533\">\n\n\t<div id=\"col-328362969\" class=\"col no-padding medium-6 small-12 large-6\"  >\n\t\t<div class=\"col-inner text-center\"  >\n\t\t\t\n\t\t\t\n<p><iframe loading=\"lazy\" src=\"https:\/\/www.facebook.com\/plugins\/video.php?height=476&#038;href=https%3A%2F%2Fwww.facebook.com%2Freel%2F1017027167298534%2F&#038;show_text=false&#038;width=267&#038;t=0\" width=\"267\" height=\"476\" style=\"border:none;overflow:hidden\" scrolling=\"no\" frameborder=\"0\" allowfullscreen=\"true\" allow=\"autoplay; clipboard-write; encrypted-media; picture-in-picture; web-share\" allowFullScreen=\"true\"><\/iframe><\/p>\n\t\t<\/div>\n\t\t\t<\/div>\n\n\t\n\n\t<div id=\"col-1333637214\" class=\"col can-giua-doc medium-6 small-12 large-6 medium-col-first\"  >\n\t\t<div class=\"col-inner text-left\"  >\n\t\t\t\n\t\t\t\n\t<div id=\"text-3520482405\" class=\"text text-can-deu\">\n\t\t\n<h1 class=\"alt-font l-text1\"><strong><span class=\"fancy-underline\">Du l\u1ecbch Ph\u00fa Th\u1ecd<\/span><\/strong><\/h1>\n<p data-path-to-node=\"4\">\u1ea8n m\u00ecnh gi\u1eefa r\u1eebng n\u00fai Mai Ch\u00e2u, Medifarm hi\u1ec7n l\u00ean nh\u01b0 m\u1ed9t \u1ed1c \u0111\u1ea3o c\u1ee7a s\u1ef1 t\u0129nh l\u1eb7ng \u2013 n\u01a1i n\u1ebfp nh\u00e0 m\u00e1i l\u00e1, ru\u1ed9ng b\u1eadc thang v\u00e0 v\u0103n ho\u00e1 ng\u01b0\u1eddi Th\u00e1i c\u00f9ng t\u1ed3n t\u1ea1i m\u1ed9t c\u00e1ch t\u1ef1 nhi\u00ean.<\/p>\n<p data-path-to-node=\"4\">S\u1ef1 ghi nh\u1eadn t\u1eeb B\u00e1o Du l\u1ecbch Ph\u00fa Th\u1ecd kh\u00f4ng ch\u1ec9 l\u00e0 ni\u1ec1m vui, m\u00e0 c\u00f2n l\u00e0 l\u1eddi kh\u1eb3ng \u0111\u1ecbnh cho h\u00e0nh tr\u00ecnh g\u00ecn gi\u1eef nh\u1eefng gi\u00e1 tr\u1ecb nguy\u00ean b\u1ea3n m\u00e0 Medifarm theo \u0111u\u1ed5i.<\/p>\n\t\t\t<\/div>\n\t\n\t\t<\/div>\n\t\t\n<style>\n#col-1333637214 > .col-inner {\n  padding: 60px 20px 60px 20px;\n}\n@media (min-width:550px) {\n  #col-1333637214 > .col-inner {\n    padding: 60px 60px 60px 60px;\n  }\n}\n<\/style>\n\t<\/div>\n\n\t\n<\/div>\n\t\t<\/div>\n\n\t\t\n<style>\n#section_2065024410 {\n  padding-top: 0px;\n  padding-bottom: 0px;\n}\n#section_2065024410 .section-bg.bg-loaded {\n  background-image: url(https:\/\/medifarmmaichau.com\/wp-content\/uploads\/2018\/12\/bg-top-dmp.jpg);\n}\n<\/style>\n\t<\/section>\n\t\n\t<section class=\"section\" id=\"section_2104702418\">\n\t\t<div class=\"bg section-bg fill bg-fill  \" >\n\n\t\t\t\n\t\t\t\n\t\t\t\n\n\t\t<\/div>\n\n\t\t<div class=\"section-content relative\">\n\t\t\t\n\t\t<\/div>\n\n\t\t\n<style>\n#section_2104702418 {\n  padding-top: 0px;\n  padding-bottom: 0px;\n}\n#section_2104702418 .section-bg.bg-loaded {\n  background-image: url(https:\/\/medifarmmaichau.com\/wp-content\/uploads\/2018\/12\/bg-top-dmp.jpg);\n}\n<\/style>\n\t<\/section>\n\t\n","protected":false},"excerpt":{"rendered":"","protected":false},"author":1,"featured_media":0,"parent":0,"menu_order":0,"comment_status":"closed","ping_status":"closed","template":"page-blank.php","meta":{"footnotes":""},"class_list":["post-930","page","type-page","status-publish","hentry"],"_links":{"self":[{"href":"https:\/\/medifarmmaichau.com\/index.php?rest_route=\/wp\/v2\/pages\/930","targetHints":{"allow":["GET"]}}],"collection":[{"href":"https:\/\/medifarmmaichau.com\/index.php?rest_route=\/wp\/v2\/pages"}],"about":[{"href":"https:\/\/medifarmmaichau.com\/index.php?rest_route=\/wp\/v2\/types\/page"}],"author":[{"embeddable":true,"href":"https:\/\/medifarmmaichau.com\/index.php?rest_route=\/wp\/v2\/users\/1"}],"replies":[{"embeddable":true,"href":"https:\/\/medifarmmaichau.com\/index.php?rest_route=%2Fwp%2Fv2%2Fcomments&post=930"}],"version-history":[{"count":10,"href":"https:\/\/medifarmmaichau.com\/index.php?rest_route=\/wp\/v2\/pages\/930\/revisions"}],"predecessor-version":[{"id":941,"href":"https:\/\/medifarmmaichau.com\/index.php?rest_route=\/wp\/v2\/pages\/930\/revisions\/941"}],"wp:attachment":[{"href":"https:\/\/medifarmmaichau.com\/index.php?rest_route=%2Fwp%2Fv2%2Fmedia&parent=930"}],"curies":[{"name":"wp","href":"https:\/\/api.w.org\/{rel}","templated":true}]}}