{"id":867,"date":"2025-11-28T23:33:15","date_gmt":"2025-11-28T16:33:15","guid":{"rendered":"https:\/\/medifarm.xn--du-lch-el8b.vn\/?page_id=867"},"modified":"2025-11-30T23:22:19","modified_gmt":"2025-11-30T16:22:19","slug":"van-hoa","status":"publish","type":"page","link":"https:\/\/medifarmmaichau.com\/?page_id=867","title":{"rendered":"V\u0103n h\u00f3a"},"content":{"rendered":"\t<section class=\"section\" id=\"section_1025152721\">\n\t\t<div class=\"bg section-bg fill bg-fill  \" >\n\n\t\t\t\n\t\t\t<div class=\"section-bg-overlay absolute fill\"><\/div>\n\t\t\t\n\n\t\t<\/div>\n\n\t\t<div class=\"section-content relative\">\n\t\t\t\n  <div id=\"page-header-1713221581\" class=\"page-header-wrapper\">\n  <div class=\"page-title dark simple-title\">\n\n    \n    <div class=\"page-title-inner container align-center text-center flex-row-col medium-flex-wrap\" >\n              <div class=\"title-wrapper flex-col\">\n          <h1 class=\"entry-title mb-0\">\n            V\u0103n h\u00f3a          <\/h1>\n        <\/div>\n                    <div class=\"title-content flex-col\">\n        <div class=\"title-breadcrumbs pb-half pt-half\"><nav class=\"woocommerce-breadcrumb breadcrumbs uppercase\">Trang ch\u1ee7<\/nav><\/div>      <\/div>\n    <\/div>\n\n       <\/div>\n    <\/div>\n  \n\t\t<\/div>\n\n\t\t\n<style>\n#section_1025152721 {\n  padding-top: 0px;\n  padding-bottom: 0px;\n  min-height: 450px;\n}\n#section_1025152721 .section-bg-overlay {\n  background-color: rgba(0,0,0,.5);\n}\n#section_1025152721 .section-bg.bg-loaded {\n  background-image: url(https:\/\/medifarmmaichau.com\/wp-content\/uploads\/2025\/11\/maichaubeer.jpg);\n}\n#section_1025152721 .section-bg {\n  background-position: 26% 20%;\n}\n<\/style>\n\t<\/section>\n\t\n\t<section class=\"section margin-bottom-100\" id=\"section_2047799883\">\n\t\t<div class=\"bg section-bg fill bg-fill  \" >\n\n\t\t\t\n\t\t\t\n\t\t\t\n\n\t\t<\/div>\n\n\t\t<div class=\"section-content relative\">\n\t\t\t\n<div class=\"row row-large row-full-width\"  id=\"row-1692327222\">\n\n\t<div id=\"col-2131411863\" class=\"col no-padding medium-6 small-12 large-6\"  >\n\t\t<div class=\"col-inner text-center\"  >\n\t\t\t\n\t\t\t\n<div class=\"slider-wrapper relative\" id=\"slider-339480522\" >\n    <div class=\"slider slider-nav-circle slider-nav-large slider-nav-light slider-style-normal\"\n        data-flickity-options='{\n            \"cellAlign\": \"center\",\n            \"imagesLoaded\": true,\n            \"lazyLoad\": 1,\n            \"freeScroll\": false,\n            \"wrapAround\": true,\n            \"autoPlay\": 6000,\n            \"pauseAutoPlayOnHover\" : true,\n            \"prevNextButtons\": true,\n            \"contain\" : true,\n            \"adaptiveHeight\" : true,\n            \"dragThreshold\" : 10,\n            \"percentPosition\": true,\n            \"pageDots\": true,\n            \"rightToLeft\": false,\n            \"draggable\": true,\n            \"selectedAttraction\": 0.1,\n            \"parallax\" : 0,\n            \"friction\": 0.6        }'\n        >\n        \n\t<div class=\"img has-hover x md-x lg-x y md-y lg-y\" id=\"image_1594493194\">\n\t\t\t\t\t\t\t\t<div class=\"img-inner dark\" >\n\t\t\t<img loading=\"lazy\" decoding=\"async\" width=\"696\" height=\"800\" src=\"https:\/\/medifarmmaichau.com\/wp-content\/uploads\/2025\/11\/vh2-1-696x800.jpg\" class=\"attachment-large size-large\" alt=\"\" srcset=\"https:\/\/medifarmmaichau.com\/wp-content\/uploads\/2025\/11\/vh2-1-696x800.jpg 696w, https:\/\/medifarmmaichau.com\/wp-content\/uploads\/2025\/11\/vh2-1-348x400.jpg 348w, https:\/\/medifarmmaichau.com\/wp-content\/uploads\/2025\/11\/vh2-1-768x882.jpg 768w, https:\/\/medifarmmaichau.com\/wp-content\/uploads\/2025\/11\/vh2-1-1337x1536.jpg 1337w, https:\/\/medifarmmaichau.com\/wp-content\/uploads\/2025\/11\/vh2-1-1782x2048.jpg 1782w, https:\/\/medifarmmaichau.com\/wp-content\/uploads\/2025\/11\/vh2-1-510x586.jpg 510w\" sizes=\"auto, (max-width: 696px) 100vw, 696px\" \/>\t\t\t\t\t\t\n\t\t\t\t\t<\/div>\n\t\t\t\t\t\t\t\t\n<style>\n#image_1594493194 {\n  width: 100%;\n}\n<\/style>\n\t<\/div>\n\t\n\t<div class=\"img has-hover x md-x lg-x y md-y lg-y\" id=\"image_652922238\">\n\t\t\t\t\t\t\t\t<div class=\"img-inner dark\" >\n\t\t\t<img loading=\"lazy\" decoding=\"async\" width=\"1020\" height=\"765\" src=\"https:\/\/medifarmmaichau.com\/wp-content\/uploads\/2025\/11\/gt2-1067x800.jpg\" class=\"attachment-large size-large\" alt=\"\" srcset=\"https:\/\/medifarmmaichau.com\/wp-content\/uploads\/2025\/11\/gt2-1067x800.jpg 1067w, https:\/\/medifarmmaichau.com\/wp-content\/uploads\/2025\/11\/gt2-533x400.jpg 533w, https:\/\/medifarmmaichau.com\/wp-content\/uploads\/2025\/11\/gt2-768x576.jpg 768w, https:\/\/medifarmmaichau.com\/wp-content\/uploads\/2025\/11\/gt2-1536x1152.jpg 1536w, https:\/\/medifarmmaichau.com\/wp-content\/uploads\/2025\/11\/gt2-510x383.jpg 510w, https:\/\/medifarmmaichau.com\/wp-content\/uploads\/2025\/11\/gt2.jpg 2048w\" sizes=\"auto, (max-width: 1020px) 100vw, 1020px\" \/>\t\t\t\t\t\t\n\t\t\t\t\t<\/div>\n\t\t\t\t\t\t\t\t\n<style>\n#image_652922238 {\n  width: 100%;\n}\n<\/style>\n\t<\/div>\n\t\n     <\/div>\n\n     <div class=\"loading-spin dark large centered\"><\/div>\n\n     \t<\/div>\n\n\n\t\t<\/div>\n\t\t\t<\/div>\n\n\t\n\n\t<div id=\"col-492520829\" class=\"col can-giua-doc medium-6 small-12 large-6 medium-col-first\"  >\n\t\t<div class=\"col-inner text-left\"  >\n\t\t\t\n\t\t\t\n\t<div id=\"text-3439087759\" class=\"text text-can-deu\">\n\t\t\n<h1 class=\"alt-font l-text1\"><strong><span class=\"fancy-underline\">V\u0103n h\u00f3a Th\u00e1i M\u00f4ng <\/span><\/strong><\/h1>\n<blockquote data-path-to-node=\"4\">\n<p data-path-to-node=\"4,0\">Kh\u00e1m ph\u00e1 n\u00e9t \u0111\u1eb9p Th\u00e1i &#8211; M\u00f4ng v\u1edbi n\u1ebfp nh\u00e0 s\u00e0n b\u00ecnh y\u00ean v\u00e0 v\u00e1y \u00e1o s\u1eb7c s\u1ee1. N\u01a1i l\u01b0u gi\u1eef b\u1ea3n s\u1eafc \u0111\u1ed9c \u0111\u00e1o, h\u00f2a quy\u1ec7n tuy\u1ec7t v\u1eddi gi\u1eefa con ng\u01b0\u1eddi v\u00e0 thi\u00ean nhi\u00ean. <span class=\"yt-core-attributed-string yt-core-attributed-string--white-space-pre-wrap\" dir=\"auto\" role=\"text\">&#x26f0;&#xfe0f;&#x1f3d5;&#xfe0f;&#x1fab4;<\/span><\/p>\n<\/blockquote>\n<p>\u00a0<\/p>\n<p>\u00a0<\/p>\n\t\t\t<\/div>\n\t\n\t\t<\/div>\n\t\t\n<style>\n#col-492520829 > .col-inner {\n  padding: 60px 60px 60px 60px;\n}\n<\/style>\n\t<\/div>\n\n\t\n<\/div>\n\t\t<\/div>\n\n\t\t\n<style>\n#section_2047799883 {\n  padding-top: 0px;\n  padding-bottom: 0px;\n}\n#section_2047799883 .section-bg.bg-loaded {\n  background-image: url(https:\/\/medifarmmaichau.com\/wp-content\/uploads\/2018\/12\/bg-top-dmp.jpg);\n}\n<\/style>\n\t<\/section>\n\t\n\t<section class=\"section\" id=\"section_1688569851\">\n\t\t<div class=\"bg section-bg fill bg-fill  \" >\n\n\t\t\t\n\t\t\t<div class=\"section-bg-overlay absolute fill\"><\/div>\n\t\t\t\n\n\t\t<\/div>\n\n\t\t<div class=\"section-content relative\">\n\t\t\t\n<div class=\"row\"  id=\"row-694053406\">\n\n\t<div id=\"col-557077451\" class=\"col small-12 large-12\"  >\n\t\t<div class=\"col-inner\"  >\n\t\t\t\n\t\t\t\n\t<div id=\"text-4022821662\" class=\"text\">\n\t\t\n<h1 class=\"alt-font l-text1\"><span style=\"color: #ffffff;\"><strong><span class=\"fancy-underline\">MAI CH\u00c2U MEDIFARM RETREAT<\/span> <\/strong><\/span><\/h1>\n<div>\n<div class=\"section3-text\">\n<div class=\"section3-text__inner\">\n<p><span style=\"color: #ffffff;\">H\u00f2a m\u00ecnh v\u00e0o T\u00e2y B\u1eafc qua ti\u1ebfng kh\u00e8n M\u00f4ng r\u00e9o r\u1eaft v\u00e0 \u0111i\u1ec7u X\u00f2e Th\u00e1i n\u1ed3ng say. M\u1ed9t b\u1ee9c tranh v\u0103n h\u00f3a r\u1ef1c r\u1ee1 s\u1eafc m\u00e0u th\u1ed5 c\u1ea9m v\u00e0 \u0111\u1eadm \u0111\u00e0 t\u00ecnh ng\u01b0\u1eddi v\u00f9ng cao.<\/span><\/p>\n<\/div>\n<\/div>\n<\/div>\n\t\t\n<style>\n#text-4022821662 {\n  text-align: center;\n}\n<\/style>\n\t<\/div>\n\t\n\t\t<\/div>\n\t\t\t<\/div>\n\n\t\n<\/div>\n<div class=\"row row-large row-full-width\"  id=\"row-1301617806\">\n\n\t<div id=\"col-2045958111\" class=\"col small-12 large-12\"  >\n\t\t<div class=\"col-inner\"  >\n\t\t\t\n\t\t\t\n<div class=\"slider-wrapper relative carousel-gioi-thieu\" id=\"slider-1476914113\" >\n    <div class=\"slider slider-nav-circle slider-nav-large slider-nav-light slider-style-container\"\n        data-flickity-options='{\n            \"cellAlign\": \"center\",\n            \"imagesLoaded\": true,\n            \"lazyLoad\": 1,\n            \"freeScroll\": false,\n            \"wrapAround\": true,\n            \"autoPlay\": 6000,\n            \"pauseAutoPlayOnHover\" : true,\n            \"prevNextButtons\": true,\n            \"contain\" : true,\n            \"adaptiveHeight\" : true,\n            \"dragThreshold\" : 10,\n            \"percentPosition\": true,\n            \"pageDots\": true,\n            \"rightToLeft\": false,\n            \"draggable\": true,\n            \"selectedAttraction\": 0.1,\n            \"parallax\" : 0,\n            \"friction\": 0.6        }'\n        >\n        \n\t<div class=\"img has-hover x md-x lg-x y md-y lg-y\" id=\"image_1892018074\">\n\t\t\t\t\t\t\t\t<div class=\"img-inner dark\" >\n\t\t\t<img loading=\"lazy\" decoding=\"async\" width=\"600\" height=\"800\" src=\"https:\/\/medifarmmaichau.com\/wp-content\/uploads\/2025\/11\/vh-1-1-600x800.jpg\" class=\"attachment-large size-large\" alt=\"\" srcset=\"https:\/\/medifarmmaichau.com\/wp-content\/uploads\/2025\/11\/vh-1-1-600x800.jpg 600w, https:\/\/medifarmmaichau.com\/wp-content\/uploads\/2025\/11\/vh-1-1-300x400.jpg 300w, https:\/\/medifarmmaichau.com\/wp-content\/uploads\/2025\/11\/vh-1-1-768x1024.jpg 768w, https:\/\/medifarmmaichau.com\/wp-content\/uploads\/2025\/11\/vh-1-1-1152x1536.jpg 1152w, https:\/\/medifarmmaichau.com\/wp-content\/uploads\/2025\/11\/vh-1-1-1536x2048.jpg 1536w, https:\/\/medifarmmaichau.com\/wp-content\/uploads\/2025\/11\/vh-1-1-510x680.jpg 510w, https:\/\/medifarmmaichau.com\/wp-content\/uploads\/2025\/11\/vh-1-1.jpg 1920w\" sizes=\"auto, (max-width: 600px) 100vw, 600px\" \/>\t\t\t\t\t\t\n\t\t\t\t\t<\/div>\n\t\t\t\t\t\t\t\t\n<style>\n#image_1892018074 {\n  width: 100%;\n}\n<\/style>\n\t<\/div>\n\t\n\t<div class=\"img has-hover x md-x lg-x y md-y lg-y\" id=\"image_398616867\">\n\t\t\t\t\t\t\t\t<div class=\"img-inner dark\" >\n\t\t\t<img loading=\"lazy\" decoding=\"async\" width=\"600\" height=\"800\" src=\"https:\/\/medifarmmaichau.com\/wp-content\/uploads\/2025\/11\/vh3-1-600x800.jpg\" class=\"attachment-large size-large\" alt=\"\" srcset=\"https:\/\/medifarmmaichau.com\/wp-content\/uploads\/2025\/11\/vh3-1-600x800.jpg 600w, https:\/\/medifarmmaichau.com\/wp-content\/uploads\/2025\/11\/vh3-1-300x400.jpg 300w, https:\/\/medifarmmaichau.com\/wp-content\/uploads\/2025\/11\/vh3-1-768x1024.jpg 768w, https:\/\/medifarmmaichau.com\/wp-content\/uploads\/2025\/11\/vh3-1-1152x1536.jpg 1152w, https:\/\/medifarmmaichau.com\/wp-content\/uploads\/2025\/11\/vh3-1-1536x2048.jpg 1536w, https:\/\/medifarmmaichau.com\/wp-content\/uploads\/2025\/11\/vh3-1-510x680.jpg 510w, https:\/\/medifarmmaichau.com\/wp-content\/uploads\/2025\/11\/vh3-1.jpg 1920w\" sizes=\"auto, (max-width: 600px) 100vw, 600px\" \/>\t\t\t\t\t\t\n\t\t\t\t\t<\/div>\n\t\t\t\t\t\t\t\t\n<style>\n#image_398616867 {\n  width: 100%;\n}\n<\/style>\n\t<\/div>\n\t\n\t<div class=\"img has-hover x md-x lg-x y md-y lg-y\" id=\"image_1160862765\">\n\t\t\t\t\t\t\t\t<div class=\"img-inner dark\" >\n\t\t\t<img loading=\"lazy\" decoding=\"async\" width=\"450\" height=\"800\" src=\"https:\/\/medifarmmaichau.com\/wp-content\/uploads\/2025\/11\/vh4-1-450x800.jpg\" class=\"attachment-large size-large\" alt=\"\" srcset=\"https:\/\/medifarmmaichau.com\/wp-content\/uploads\/2025\/11\/vh4-1-450x800.jpg 450w, https:\/\/medifarmmaichau.com\/wp-content\/uploads\/2025\/11\/vh4-1-225x400.jpg 225w, https:\/\/medifarmmaichau.com\/wp-content\/uploads\/2025\/11\/vh4-1-768x1366.jpg 768w, https:\/\/medifarmmaichau.com\/wp-content\/uploads\/2025\/11\/vh4-1-864x1536.jpg 864w, https:\/\/medifarmmaichau.com\/wp-content\/uploads\/2025\/11\/vh4-1-1152x2048.jpg 1152w, https:\/\/medifarmmaichau.com\/wp-content\/uploads\/2025\/11\/vh4-1-510x907.jpg 510w, https:\/\/medifarmmaichau.com\/wp-content\/uploads\/2025\/11\/vh4-1-scaled.jpg 1440w\" sizes=\"auto, (max-width: 450px) 100vw, 450px\" \/>\t\t\t\t\t\t\n\t\t\t\t\t<\/div>\n\t\t\t\t\t\t\t\t\n<style>\n#image_1160862765 {\n  width: 100%;\n}\n<\/style>\n\t<\/div>\n\t\n\t<div class=\"img has-hover x md-x lg-x y md-y lg-y\" id=\"image_43738380\">\n\t\t\t\t\t\t\t\t<div class=\"img-inner dark\" >\n\t\t\t<img loading=\"lazy\" decoding=\"async\" width=\"600\" height=\"800\" src=\"https:\/\/medifarmmaichau.com\/wp-content\/uploads\/2025\/11\/vh5-1-600x800.jpg\" class=\"attachment-large size-large\" alt=\"\" srcset=\"https:\/\/medifarmmaichau.com\/wp-content\/uploads\/2025\/11\/vh5-1-600x800.jpg 600w, https:\/\/medifarmmaichau.com\/wp-content\/uploads\/2025\/11\/vh5-1-300x400.jpg 300w, https:\/\/medifarmmaichau.com\/wp-content\/uploads\/2025\/11\/vh5-1-768x1024.jpg 768w, https:\/\/medifarmmaichau.com\/wp-content\/uploads\/2025\/11\/vh5-1-1152x1536.jpg 1152w, https:\/\/medifarmmaichau.com\/wp-content\/uploads\/2025\/11\/vh5-1-1536x2048.jpg 1536w, https:\/\/medifarmmaichau.com\/wp-content\/uploads\/2025\/11\/vh5-1-510x680.jpg 510w, https:\/\/medifarmmaichau.com\/wp-content\/uploads\/2025\/11\/vh5-1.jpg 1920w\" sizes=\"auto, (max-width: 600px) 100vw, 600px\" \/>\t\t\t\t\t\t\n\t\t\t\t\t<\/div>\n\t\t\t\t\t\t\t\t\n<style>\n#image_43738380 {\n  width: 100%;\n}\n<\/style>\n\t<\/div>\n\t\n     <\/div>\n\n     <div class=\"loading-spin dark large centered\"><\/div>\n\n          <style>\n            #slider-1476914113 .flickity-slider > *{ max-width: 57%!important;\n     <\/style>\n     \t<\/div>\n\n\n\t\t<\/div>\n\t\t\t<\/div>\n\n\t\n<\/div>\n\t\t<\/div>\n\n\t\t\n<style>\n#section_1688569851 {\n  padding-top: 30px;\n  padding-bottom: 30px;\n}\n#section_1688569851 .section-bg-overlay {\n  background-color: rgba(67, 82, 60, 0.791);\n}\n#section_1688569851 .section-bg.bg-loaded {\n  background-image: url(https:\/\/medifarmmaichau.com\/wp-content\/uploads\/2025\/10\/tree2-middle.png);\n}\n<\/style>\n\t<\/section>\n\t\n","protected":false},"excerpt":{"rendered":"","protected":false},"author":1,"featured_media":0,"parent":0,"menu_order":0,"comment_status":"closed","ping_status":"closed","template":"page-blank.php","meta":{"footnotes":""},"class_list":["post-867","page","type-page","status-publish","hentry"],"_links":{"self":[{"href":"https:\/\/medifarmmaichau.com\/index.php?rest_route=\/wp\/v2\/pages\/867","targetHints":{"allow":["GET"]}}],"collection":[{"href":"https:\/\/medifarmmaichau.com\/index.php?rest_route=\/wp\/v2\/pages"}],"about":[{"href":"https:\/\/medifarmmaichau.com\/index.php?rest_route=\/wp\/v2\/types\/page"}],"author":[{"embeddable":true,"href":"https:\/\/medifarmmaichau.com\/index.php?rest_route=\/wp\/v2\/users\/1"}],"replies":[{"embeddable":true,"href":"https:\/\/medifarmmaichau.com\/index.php?rest_route=%2Fwp%2Fv2%2Fcomments&post=867"}],"version-history":[{"count":6,"href":"https:\/\/medifarmmaichau.com\/index.php?rest_route=\/wp\/v2\/pages\/867\/revisions"}],"predecessor-version":[{"id":883,"href":"https:\/\/medifarmmaichau.com\/index.php?rest_route=\/wp\/v2\/pages\/867\/revisions\/883"}],"wp:attachment":[{"href":"https:\/\/medifarmmaichau.com\/index.php?rest_route=%2Fwp%2Fv2%2Fmedia&parent=867"}],"curies":[{"name":"wp","href":"https:\/\/api.w.org\/{rel}","templated":true}]}}