{"id":155,"date":"2018-12-17T08:02:55","date_gmt":"2018-12-17T08:02:55","guid":{"rendered":"http:\/\/khachsan1.khowebseotop.vn\/?page_id=155"},"modified":"2025-11-09T09:45:38","modified_gmt":"2025-11-09T02:45:38","slug":"lien-he","status":"publish","type":"page","link":"https:\/\/medifarmmaichau.com\/?page_id=155","title":{"rendered":"Li\u00ean h\u1ec7"},"content":{"rendered":"  <div id=\"page-header-1484237633\" class=\"page-header-wrapper\">\n  <div class=\"page-title dark featured-title\">\n\n        <div class=\"page-title-bg\">\n      <div class=\"title-bg fill bg-fill\"\n        data-parallax-container=\".page-title\"\n        data-parallax-background\n        data-parallax=\"-\">\n      <\/div>\n      <div class=\"title-overlay fill\"><\/div>\n    <\/div>\n    \n    <div class=\"page-title-inner container align-center text-center flex-row-col medium-flex-wrap\" >\n              <div class=\"title-wrapper uppercase flex-col\">\n          <h1 class=\"entry-title mb-0\">\n            Li\u00ean h\u1ec7          <\/h1>\n        <\/div>\n                    <div class=\"title-content flex-col\">\n        <div class=\"title-breadcrumbs pb-half pt-half\"><nav class=\"woocommerce-breadcrumb breadcrumbs uppercase\">Trang ch\u1ee7<\/nav><\/div>      <\/div>\n    <\/div>\n\n     \n<style>\n#page-header-1484237633 .page-title-inner {\n  min-height: 450px;\n}\n#page-header-1484237633 .title-bg {\n  background-image: url(https:\/\/medifarmmaichau.com\/wp-content\/uploads\/2025\/11\/z7200346999082_74942ff2cba7c840fafe15fc8cd94eb8.jpg);\n}\n#page-header-1484237633 .title-overlay {\n  background-color: rgba(0,0,0,.5);\n}\n<\/style>\n  <\/div>\n    <\/div>\n  \n\t<section class=\"section padding-bot-top-100\" id=\"section_1736914643\">\n\t\t<div class=\"bg section-bg fill bg-fill  bg-loaded\" >\n\n\t\t\t\n\t\t\t\n\t\t\t\n\n\t\t<\/div>\n\n\t\t<div class=\"section-content relative\">\n\t\t\t\n<div class=\"row\"  id=\"row-1807564963\">\n\n\t<div id=\"col-1815153904\" class=\"col small-12 large-12\"  >\n\t\t<div class=\"col-inner\"  >\n\t\t\t\n\t\t\t\n\t<div id=\"text-3905751130\" class=\"text\">\n\t\t\n<h1 class=\"alt-font l-text1\"><strong><span class=\"fancy-underline\">MAI CH\u00c2U MEDIFARM MAI CH\u00c2U<\/span> <\/strong><\/h1>\n<div>\u00a0<\/div>\n\t\t\n<style>\n#text-3905751130 {\n  text-align: center;\n}\n<\/style>\n\t<\/div>\n\t\n\t\t<\/div>\n\t\t\t<\/div>\n\n\t\n<\/div>\n<div class=\"row row-collapse row-full-width\"  id=\"row-458094671\">\n\n\t<div id=\"col-1268174769\" class=\"col medium-6 small-12 large-6\"  >\n\t\t<div class=\"col-inner\"  >\n\t\t\t\n\t\t\t\n\n  <div class=\"banner has-hover\" id=\"banner-984844881\">\n          <div class=\"banner-inner fill\">\n        <div class=\"banner-bg fill\" >\n            <div class=\"bg fill bg-fill \"><\/div>\n                        <div class=\"overlay\"><\/div>            \n                    <\/div>\n        <div class=\"banner-layers container\">\n            <div class=\"fill banner-link\"><\/div>            \n   <div id=\"text-box-480916018\" class=\"text-box banner-layer modal-gioi-thieu x95 md-x95 lg-x95 y50 md-y50 lg-y50 res-text\">\n                                <div class=\"text-box-content text box-shadow-3\">\n              \n              <div class=\"text-inner text-center\">\n                  \n\t<div id=\"text-3757852185\" class=\"text\">\n\t\t\n<p dir=\"auto\">Gi\u1eefa v\u00f9ng \u0111\u1ea5t Mai Ch\u00e2u th\u01a1 m\u1ed9ng, c\u00f3 m\u1ed9t n\u01a1i ch\u1ea1m v\u00e0o tr\u00e1i tim du kh\u00e1ch &#8211; b\u1eb1ng s\u1ef1 gi\u1ea3n d\u1ecb, ch\u00e2n th\u00e0nh v\u00e0 b\u00ecnh y\u00ean.<\/p>\n<div class=\"html-div xdj266r x14z9mp xat24cr x1lziwak xexx8yu xyri2b x18d9i69 x1c1uobl\" dir=\"auto\">\n<div class=\"html-div xdj266r x14z9mp xat24cr x1lziwak xexx8yu xyri2b x18d9i69 x1c1uobl\" data-ad-rendering-role=\"story_message\">\n<div id=\"_r_4al_\" class=\"x1l90r2v x1iorvi4 x1g0dm76 xpdmqnj\" data-ad-comet-preview=\"message\" data-ad-preview=\"message\">\n<div class=\"x78zum5 xdt5ytf xz62fqu x16ldp7u\">\n<div class=\"xu06os2 x1ok221b\">\n<div class=\"html-div xdj266r x14z9mp xat24cr x1lziwak xexx8yu xyri2b x18d9i69 x1c1uobl\">\n<div class=\"xdj266r x14z9mp xat24cr x1lziwak x1vvkbs x126k92a\">\n<div dir=\"auto\">D\u01b0\u1edbi l\u00e0n s\u01b0\u01a1ng l\u1ea3ng b\u1ea3ng &#8211; Mai Ch\u00e2u Medifarm hi\u1ec7n ra b\u1eebng s\u00e1ng v\u00e0 \u1ea5m \u00e1p. M\u1ed9c m\u1ea1c v\u00e0 ch\u00e2n th\u00e0nh \u0111\u1ee7 \u0111\u1ec3 s\u01b0\u1edfi \u1ea5m nh\u1eefng tr\u00e1i tim bi\u1ebft rung \u0111\u1ed9ng tr\u01b0\u1edbc v\u1ebb \u0111\u1eb9p hoang s\u01a1 c\u1ee7a n\u00fai r\u1eebng T\u00e2y B\u1eafc<\/div>\n<\/div>\n<\/div>\n<\/div>\n<\/div>\n<\/div>\n<\/div>\n<\/div>\n\t\t\n<style>\n#text-3757852185 {\n  font-size: 1rem;\n  text-align: left;\n  color: rgb(255,255,255);\n}\n#text-3757852185 > * {\n  color: rgb(255,255,255);\n}\n<\/style>\n\t<\/div>\n\t\n<a href=\"tel:086913752\" target=\"_self\" class=\"button primary\"  >\n    <span>Li\u00ean h\u1ec7 \u0111\u1eb7t ph\u00f2ng<\/span>\n  <\/a>\n\n<a href=\"tel:%200945668365\" target=\"_self\" class=\"button primary is-outline\"  >\n    <span>Li\u00ean h\u1ec7 \u0111\u1eb7c ti\u1ec7c<\/span>\n  <\/a>\n\n              <\/div>\n           <\/div>\n                            \n<style>\n#text-box-480916018 {\n  margin: 0px -13px -71px -8px;\n  width: 96%;\n}\n#text-box-480916018 .text-box-content {\n  background-color: rgb(69, 85, 62);\n  font-size: 171%;\n}\n#text-box-480916018 .text-inner {\n  padding: 5px 30px 14px 24px;\n}\n@media (min-width:550px) {\n  #text-box-480916018 {\n    margin: 0px -110px -56px -8px;\n    width: 80%;\n  }\n  #text-box-480916018 .text-inner {\n    padding: 30px 30px 41px 24px;\n  }\n}\n<\/style>\n    <\/div>\n \n        <\/div>\n      <\/div>\n\n            \n<style>\n#banner-984844881 {\n  padding-top: 500px;\n}\n#banner-984844881 .bg.bg-loaded {\n  background-image: url(https:\/\/medifarmmaichau.com\/wp-content\/uploads\/2025\/11\/z7200346999133_57680f15f33f3c872332637817d40b4e-1400x645.jpg);\n}\n#banner-984844881 .overlay {\n  background-color: rgba(0, 0, 0, 0.2);\n}\n<\/style>\n  <\/div>\n\n\n\t\t<\/div>\n\t\t\t<\/div>\n\n\t\n\n\t<div id=\"col-1207671794\" class=\"col medium-6 small-12 large-6\"  >\n\t\t<div class=\"col-inner\"  >\n\t\t\t\n\t\t\t\n<p><iframe src=\"https:\/\/www.google.com\/maps\/embed?pb=!1m18!1m12!1m3!1d3732.315846016301!2d104.9225707!3d20.6973951!2m3!1f0!2f0!3f0!3m2!1i1024!2i768!4f13.1!3m3!1m2!1s0x3133f11df3c2a125%3A0xacdd82d209db697b!2sMedifarm%20Mai%20Ch%C3%A2u!5e0!3m2!1sen!2shk!4v1761618703951!5m2!1sen!2shk\" width=\"950\" height=\"500\" style=\"border:0;\" allowfullscreen=\"\" loading=\"lazy\" referrerpolicy=\"no-referrer-when-downgrade\"><\/iframe><\/p>\n\t\t<\/div>\n\t\t\t<\/div>\n\n\t\n<\/div>\n\t\t<\/div>\n\n\t\t\n<style>\n#section_1736914643 {\n  padding-top: 0px;\n  padding-bottom: 0px;\n}\n<\/style>\n\t<\/section>\n\t\n","protected":false},"excerpt":{"rendered":"","protected":false},"author":1,"featured_media":0,"parent":0,"menu_order":0,"comment_status":"closed","ping_status":"closed","template":"page-blank.php","meta":{"footnotes":""},"class_list":["post-155","page","type-page","status-publish","hentry"],"_links":{"self":[{"href":"https:\/\/medifarmmaichau.com\/index.php?rest_route=\/wp\/v2\/pages\/155","targetHints":{"allow":["GET"]}}],"collection":[{"href":"https:\/\/medifarmmaichau.com\/index.php?rest_route=\/wp\/v2\/pages"}],"about":[{"href":"https:\/\/medifarmmaichau.com\/index.php?rest_route=\/wp\/v2\/types\/page"}],"author":[{"embeddable":true,"href":"https:\/\/medifarmmaichau.com\/index.php?rest_route=\/wp\/v2\/users\/1"}],"replies":[{"embeddable":true,"href":"https:\/\/medifarmmaichau.com\/index.php?rest_route=%2Fwp%2Fv2%2Fcomments&post=155"}],"version-history":[{"count":34,"href":"https:\/\/medifarmmaichau.com\/index.php?rest_route=\/wp\/v2\/pages\/155\/revisions"}],"predecessor-version":[{"id":840,"href":"https:\/\/medifarmmaichau.com\/index.php?rest_route=\/wp\/v2\/pages\/155\/revisions\/840"}],"wp:attachment":[{"href":"https:\/\/medifarmmaichau.com\/index.php?rest_route=%2Fwp%2Fv2%2Fmedia&parent=155"}],"curies":[{"name":"wp","href":"https:\/\/api.w.org\/{rel}","templated":true}]}}